{"id":89,"date":"2025-11-11T16:39:59","date_gmt":"2025-11-11T16:39:59","guid":{"rendered":"https:\/\/gazetly.fr\/?page_id=89"},"modified":"2025-11-11T16:40:01","modified_gmt":"2025-11-11T16:40:01","slug":"communication-editoriale","status":"publish","type":"page","link":"https:\/\/gazetly.fr\/?page_id=89","title":{"rendered":"Communication \u00e9ditoriale"},"content":{"rendered":"\t\t<div data-elementor-type=\"wp-page\" data-elementor-id=\"89\" class=\"elementor elementor-89\">\n\t\t\t\t<div class=\"elementor-element elementor-element-38ace7d e-flex e-con-boxed e-con e-parent\" data-id=\"38ace7d\" data-element_type=\"container\" data-e-type=\"container\">\n\t\t\t\t\t<div class=\"e-con-inner\">\n\t\t\t\t<div class=\"elementor-element elementor-element-6c1cfe8 elementor-widget elementor-widget-text-editor\" data-id=\"6c1cfe8\" data-element_type=\"widget\" data-e-type=\"widget\" data-widget_type=\"text-editor.default\">\n\t\t\t\t\t\t\t\t\t<ul><li data-start=\"1122\" data-end=\"1201\"><p data-start=\"1124\" data-end=\"1201\">Conception et r\u00e9daction de contenus align\u00e9s avec votre strat\u00e9gie de marque.<\/p><\/li><li data-start=\"1202\" data-end=\"1278\"><p data-start=\"1204\" data-end=\"1278\">Articles, pages web, storytelling, newsletters ou communication interne.<\/p><\/li><li data-start=\"1279\" data-end=\"1363\"><p data-start=\"1281\" data-end=\"1363\">D\u00e9finition du ton, du style et de la coh\u00e9rence \u00e9ditoriale sur tous les supports.<\/p><\/li><li data-start=\"1364\" data-end=\"1444\"><p data-start=\"1366\" data-end=\"1444\">Textes optimis\u00e9s pour l\u2019impact, la clart\u00e9 et le r\u00e9f\u00e9rencement naturel (SEO).<\/p><\/li><li data-start=\"1445\" data-end=\"1523\"><p data-start=\"1447\" data-end=\"1523\">Relecture et validation pour garantir la qualit\u00e9 et l\u2019uniformit\u00e9 du message<\/p><\/li><\/ul>\t\t\t\t\t\t\t\t<\/div>\n\t\t\t\t\t<\/div>\n\t\t\t\t<\/div>\n\t\t\t\t<\/div>\n\t\t","protected":false},"excerpt":{"rendered":"<p>Conception et r\u00e9daction de contenus align\u00e9s avec votre strat\u00e9gie de marque. Articles, pages web, storytelling, newsletters ou communication interne. D\u00e9finition du ton, du style et de la coh\u00e9rence \u00e9ditoriale sur &#8230;<\/p>\n","protected":false},"author":1,"featured_media":0,"parent":0,"menu_order":0,"comment_status":"closed","ping_status":"closed","template":"","meta":{"_monsterinsights_skip_tracking":false,"_monsterinsights_sitenote_active":false,"_monsterinsights_sitenote_note":"","_monsterinsights_sitenote_category":0,"footnotes":""},"class_list":["post-89","page","type-page","status-publish","hentry"],"_links":{"self":[{"href":"https:\/\/gazetly.fr\/index.php?rest_route=\/wp\/v2\/pages\/89","targetHints":{"allow":["GET"]}}],"collection":[{"href":"https:\/\/gazetly.fr\/index.php?rest_route=\/wp\/v2\/pages"}],"about":[{"href":"https:\/\/gazetly.fr\/index.php?rest_route=\/wp\/v2\/types\/page"}],"author":[{"embeddable":true,"href":"https:\/\/gazetly.fr\/index.php?rest_route=\/wp\/v2\/users\/1"}],"replies":[{"embeddable":true,"href":"https:\/\/gazetly.fr\/index.php?rest_route=%2Fwp%2Fv2%2Fcomments&post=89"}],"version-history":[{"count":4,"href":"https:\/\/gazetly.fr\/index.php?rest_route=\/wp\/v2\/pages\/89\/revisions"}],"predecessor-version":[{"id":96,"href":"https:\/\/gazetly.fr\/index.php?rest_route=\/wp\/v2\/pages\/89\/revisions\/96"}],"wp:attachment":[{"href":"https:\/\/gazetly.fr\/index.php?rest_route=%2Fwp%2Fv2%2Fmedia&parent=89"}],"curies":[{"name":"wp","href":"https:\/\/api.w.org\/{rel}","templated":true}]}}