{"id":34,"date":"2025-10-17T06:30:40","date_gmt":"2025-10-17T06:30:40","guid":{"rendered":"https:\/\/gazetly.fr\/?page_id=34"},"modified":"2025-11-11T16:40:05","modified_gmt":"2025-11-11T16:40:05","slug":"gestion-de-projet","status":"publish","type":"page","link":"https:\/\/gazetly.fr\/?page_id=34","title":{"rendered":"Gestion de projet"},"content":{"rendered":"\t\t<div data-elementor-type=\"wp-page\" data-elementor-id=\"34\" class=\"elementor elementor-34\">\n\t\t\t\t<div class=\"elementor-element elementor-element-6d7ebc5 e-flex e-con-boxed e-con e-parent\" data-id=\"6d7ebc5\" data-element_type=\"container\" data-e-type=\"container\">\n\t\t\t\t\t<div class=\"e-con-inner\">\n\t\t\t\t<div class=\"elementor-element elementor-element-2779dff elementor-widget elementor-widget-text-editor\" data-id=\"2779dff\" data-element_type=\"widget\" data-e-type=\"widget\" data-widget_type=\"text-editor.default\">\n\t\t\t\t\t\t\t\t\t<ul><li data-start=\"735\" data-end=\"798\"><p data-start=\"737\" data-end=\"798\">Pilotage complet de vos projets \u00e9ditoriaux et multilingues.<\/p><\/li><li data-start=\"799\" data-end=\"875\"><p data-start=\"801\" data-end=\"875\">Un chef de projet d\u00e9di\u00e9 : planification, coordination, contr\u00f4le qualit\u00e9.<\/p><\/li><li data-start=\"876\" data-end=\"944\"><p data-start=\"878\" data-end=\"944\">M\u00e9thode agile et outils collaboratifs pour un suivi transparent.<\/p><\/li><li data-start=\"945\" data-end=\"1011\"><p data-start=\"947\" data-end=\"1011\">Respect strict des d\u00e9lais, budgets et exigences linguistiques.<\/p><\/li><li data-start=\"1012\" data-end=\"1079\"><p data-start=\"1014\" data-end=\"1079\">Reporting clair et indicateurs de performance \u00e0 chaque livraison.<\/p><\/li><\/ul>\t\t\t\t\t\t\t\t<\/div>\n\t\t\t\t\t<\/div>\n\t\t\t\t<\/div>\n\t\t\t\t<\/div>\n\t\t","protected":false},"excerpt":{"rendered":"<p>Pilotage complet de vos projets \u00e9ditoriaux et multilingues. Un chef de projet d\u00e9di\u00e9 : planification, coordination, contr\u00f4le qualit\u00e9. M\u00e9thode agile et outils collaboratifs pour un suivi transparent. Respect strict des &#8230;<\/p>\n","protected":false},"author":1,"featured_media":0,"parent":0,"menu_order":0,"comment_status":"closed","ping_status":"closed","template":"","meta":{"_monsterinsights_skip_tracking":false,"_monsterinsights_sitenote_active":false,"_monsterinsights_sitenote_note":"","_monsterinsights_sitenote_category":0,"footnotes":""},"class_list":["post-34","page","type-page","status-publish","hentry"],"_links":{"self":[{"href":"https:\/\/gazetly.fr\/index.php?rest_route=\/wp\/v2\/pages\/34","targetHints":{"allow":["GET"]}}],"collection":[{"href":"https:\/\/gazetly.fr\/index.php?rest_route=\/wp\/v2\/pages"}],"about":[{"href":"https:\/\/gazetly.fr\/index.php?rest_route=\/wp\/v2\/types\/page"}],"author":[{"embeddable":true,"href":"https:\/\/gazetly.fr\/index.php?rest_route=\/wp\/v2\/users\/1"}],"replies":[{"embeddable":true,"href":"https:\/\/gazetly.fr\/index.php?rest_route=%2Fwp%2Fv2%2Fcomments&post=34"}],"version-history":[{"count":4,"href":"https:\/\/gazetly.fr\/index.php?rest_route=\/wp\/v2\/pages\/34\/revisions"}],"predecessor-version":[{"id":99,"href":"https:\/\/gazetly.fr\/index.php?rest_route=\/wp\/v2\/pages\/34\/revisions\/99"}],"wp:attachment":[{"href":"https:\/\/gazetly.fr\/index.php?rest_route=%2Fwp%2Fv2%2Fmedia&parent=34"}],"curies":[{"name":"wp","href":"https:\/\/api.w.org\/{rel}","templated":true}]}}